{"id":6129,"date":"2020-08-24T13:17:52","date_gmt":"2020-08-24T10:17:52","guid":{"rendered":"https:\/\/test.sakalahambaravi.ee\/miks-hammas-on-tundlik\/"},"modified":"2022-10-18T13:05:50","modified_gmt":"2022-10-18T10:05:50","slug":"why-a-tooth-is-sensitive","status":"publish","type":"page","link":"https:\/\/test.sakalahambaravi.ee\/en\/faq\/why-a-tooth-is-sensitive\/","title":{"rendered":"Why a tooth is sensitive"},"content":{"rendered":"<p><span style=\"font-weight: 400;\">Have you experienced pain in your teeth, especially when consuming hot or cold foods or drinks? Or have your felt discomfort in your teeth when you eat something sweet? If so, you may have sensitive teeth that need attention and possibly medical intervention.<\/span><\/p>\n<p><b>What causes tooth sensitivity?<br \/>\n<\/b><span style=\"font-weight: 400;\">Tooth sensitivity can be caused by a number of things: dental caries, i.e. a cavity, receding gums, or, for example, inflammation of the dental nerve. Cavities are caused by microbes that get what they need to survive from sugars in the person\u2019s diet. The microbes convert the sugars into acids, which damage the tooth, contributing to developing caries. In case of inflammation of the dental nerve, pain may be felt initially when chewing food or clenching teeth. If the inflammation is left untreated, the pain can manifest itself without any external irritant, causing sudden discomfort, and often even at night. Receding gums can be caused by using a toothbrush with too strong bristles or by brushing too intensely. As a result, the roots of the teeth may also be exposed, causing discomfort and reacting to changes in temperature.<br \/>\n<\/span><\/p>\n<p><img loading=\"lazy\" decoding=\"async\" class=\"alignnone wp-image-833 size-medium\" src=\"https:\/\/test.sakalahambaravi.ee\/wp-content\/uploads\/2020\/08\/man-explaining-symptoms-to-nurse-6C49D57-300x200.jpg\" alt=\"Tundlikud hambad\" width=\"300\" height=\"200\" srcset=\"https:\/\/test.sakalahambaravi.ee\/wp-content\/uploads\/2020\/08\/man-explaining-symptoms-to-nurse-6C49D57-300x200.jpg 300w, https:\/\/test.sakalahambaravi.ee\/wp-content\/uploads\/2020\/08\/man-explaining-symptoms-to-nurse-6C49D57-1024x683.jpg 1024w, https:\/\/test.sakalahambaravi.ee\/wp-content\/uploads\/2020\/08\/man-explaining-symptoms-to-nurse-6C49D57-768x512.jpg 768w, https:\/\/test.sakalahambaravi.ee\/wp-content\/uploads\/2020\/08\/man-explaining-symptoms-to-nurse-6C49D57.jpg 1440w\" sizes=\"auto, (max-width: 300px) 100vw, 300px\" \/><\/p>\n<p><b><br \/>\nToothache caused by cold<\/b><\/p>\n<p><span style=\"font-weight: 400;\">Cold-induced toothache can be dull as well as sharp, constant as well as as intermittent, and pain can be felt in one or more teeth. Since there are many possibilities, it is not a good idea to diagnose it yourself. There can be many reasons why teeth may start aching in the cold.<\/span><\/p>\n<p><span style=\"font-weight: 400;\">Common causes of pain include untreated cavities, inflamed teeth and gum disease, old fillings, cracks in the teeth, receding gums and teeth grinding.<\/span><\/p>\n<p><span style=\"font-weight: 400;\">If problems worsen in the cold, i.e. your teeth become even more sensitive, it is a good idea to tell your dentist. Breathe through your nose.<\/span><\/p>\n<p><b>How can you protect your teeth?<br \/>\n<\/b><span style=\"font-weight: 400;\">Although it is not possible to completely protect your teeth from the winter cold, there are some ways to reduce the problems caused by the cold. The simplest way is to avoid breathing through your mouth and talking when you are out in a cold weather and to cover the lower half of your face with a scarf. However, people who find it infeasible to keep quiet outdoors, should try a precautionary approach to prevent problems.<\/span><\/p>\n<p><span style=\"font-weight: 400;\">Regardless of the time of year, toothpastes meant for sensitive teeth, containing potassium nitrate and arginine, can help reduce tooth sensitivity.<\/span><\/p>\n<p><span style=\"font-weight: 400;\">It is also a good idea to prefer toothpastes that contain fluoride and to generally practice good oral hygiene \u2013 for example, flossing will certainly help prevent tooth sensitivity.<\/span><\/p>\n<p><span style=\"font-weight: 400;\">However, if even using a special toothpaste does not help and the pain from the cold persists for several days, you should see a dentist immediately. Only a dentist can determine what exactly is causing the pain in the cold and therefore recommend the appropriate treatment.<\/span><\/p>\n<p><span style=\"font-weight: 400;\">Read more about our services\u00a0<\/span><a href=\"https:\/\/test.sakalahambaravi.ee\/en\/services\/\"><span style=\"font-weight: 400;\">here<\/span><\/a><span style=\"font-weight: 400;\">.<\/span><\/p>\n<p><span style=\"font-weight: 400;\">Find more information\u00a0<\/span><a href=\"http:\/\/www.hambaarst.ee\/\"><span style=\"font-weight: 400;\">here<\/span><\/a><span style=\"font-weight: 400;\">.<\/span><\/p>\n","protected":false},"excerpt":{"rendered":"<p>Have you experienced pain in your teeth, especially when consuming hot or cold foods or drinks? Or have your felt discomfort in your teeth when you eat something sweet? If so, you may have sensitive teeth that need attention and possibly medical intervention. What causes tooth sensitivity? Tooth sensitivity can be caused by a number [&hellip;]<\/p>\n","protected":false},"author":1,"featured_media":0,"parent":6135,"menu_order":0,"comment_status":"closed","ping_status":"closed","template":"simple-page.php","meta":{"_acf_changed":false,"footnotes":""},"class_list":["post-6129","page","type-page","status-publish","hentry"],"acf":[],"yoast_head":"<!-- This site is optimized with the Yoast SEO Premium plugin v27.4 (Yoast SEO v27.4) - https:\/\/yoast.com\/product\/yoast-seo-premium-wordpress\/ -->\n<title>Tundlikud hambad | Sakala Hambaravi<\/title>\n<meta name=\"description\" content=\"Hammaste tundlikkust v\u00f5ivad p\u00f5hjustada mitmed erinevad tegurid, sh hambaauk, hamban\u00e4rvip\u00f5letik jm. Loe l\u00e4hemalt!\" \/>\n<meta name=\"robots\" content=\"index, follow, max-snippet:-1, max-image-preview:large, max-video-preview:-1\" \/>\n<link rel=\"canonical\" href=\"https:\/\/test.sakalahambaravi.ee\/en\/faq\/why-a-tooth-is-sensitive\/\" \/>\n<meta property=\"og:locale\" content=\"en_US\" \/>\n<meta property=\"og:type\" content=\"article\" \/>\n<meta property=\"og:title\" content=\"Why a tooth is sensitive\" \/>\n<meta property=\"og:description\" content=\"Hammaste tundlikkust v\u00f5ivad p\u00f5hjustada mitmed erinevad tegurid, sh hambaauk, hamban\u00e4rvip\u00f5letik jm. Loe l\u00e4hemalt!\" \/>\n<meta property=\"og:url\" content=\"https:\/\/test.sakalahambaravi.ee\/en\/faq\/why-a-tooth-is-sensitive\/\" \/>\n<meta property=\"og:site_name\" content=\"Sakala Hambaravi\" \/>\n<meta property=\"article:publisher\" content=\"https:\/\/www.facebook.com\/sakalahambaravi\" \/>\n<meta property=\"article:modified_time\" content=\"2022-10-18T10:05:50+00:00\" \/>\n<meta property=\"og:image\" content=\"https:\/\/test.sakalahambaravi.ee\/wp-content\/uploads\/2020\/08\/man-explaining-symptoms-to-nurse-6C49D57-300x200.jpg\" \/>\n<meta name=\"twitter:card\" content=\"summary_large_image\" \/>\n<meta name=\"twitter:label1\" content=\"Est. reading time\" \/>\n\t<meta name=\"twitter:data1\" content=\"2 minutes\" \/>\n<script type=\"application\/ld+json\" class=\"yoast-schema-graph\">{\"@context\":\"https:\\\/\\\/schema.org\",\"@graph\":[{\"@type\":[\"WebPage\",\"MedicalWebPage\"],\"@id\":\"https:\\\/\\\/test.sakalahambaravi.ee\\\/en\\\/faq\\\/why-a-tooth-is-sensitive\\\/\",\"url\":\"https:\\\/\\\/test.sakalahambaravi.ee\\\/en\\\/faq\\\/why-a-tooth-is-sensitive\\\/\",\"name\":\"Tundlikud hambad | Sakala Hambaravi\",\"isPartOf\":{\"@id\":\"https:\\\/\\\/test.sakalahambaravi.ee\\\/#website\"},\"primaryImageOfPage\":{\"@id\":\"https:\\\/\\\/test.sakalahambaravi.ee\\\/en\\\/faq\\\/why-a-tooth-is-sensitive\\\/#primaryimage\"},\"image\":{\"@id\":\"https:\\\/\\\/test.sakalahambaravi.ee\\\/en\\\/faq\\\/why-a-tooth-is-sensitive\\\/#primaryimage\"},\"thumbnailUrl\":\"https:\\\/\\\/test.sakalahambaravi.ee\\\/wp-content\\\/uploads\\\/2020\\\/08\\\/man-explaining-symptoms-to-nurse-6C49D57-300x200.jpg\",\"datePublished\":\"2020-08-24T10:17:52+00:00\",\"dateModified\":\"2022-10-18T10:05:50+00:00\",\"description\":\"Hammaste tundlikkust v\u00f5ivad p\u00f5hjustada mitmed erinevad tegurid, sh hambaauk, hamban\u00e4rvip\u00f5letik jm. Loe l\u00e4hemalt!\",\"breadcrumb\":{\"@id\":\"https:\\\/\\\/test.sakalahambaravi.ee\\\/en\\\/faq\\\/why-a-tooth-is-sensitive\\\/#breadcrumb\"},\"inLanguage\":\"en-US\",\"potentialAction\":[{\"@type\":\"ReadAction\",\"target\":[\"https:\\\/\\\/test.sakalahambaravi.ee\\\/en\\\/faq\\\/why-a-tooth-is-sensitive\\\/\"]}]},{\"@type\":\"ImageObject\",\"inLanguage\":\"en-US\",\"@id\":\"https:\\\/\\\/test.sakalahambaravi.ee\\\/en\\\/faq\\\/why-a-tooth-is-sensitive\\\/#primaryimage\",\"url\":\"https:\\\/\\\/test.sakalahambaravi.ee\\\/wp-content\\\/uploads\\\/2020\\\/08\\\/man-explaining-symptoms-to-nurse-6C49D57-300x200.jpg\",\"contentUrl\":\"https:\\\/\\\/test.sakalahambaravi.ee\\\/wp-content\\\/uploads\\\/2020\\\/08\\\/man-explaining-symptoms-to-nurse-6C49D57-300x200.jpg\"},{\"@type\":\"BreadcrumbList\",\"@id\":\"https:\\\/\\\/test.sakalahambaravi.ee\\\/en\\\/faq\\\/why-a-tooth-is-sensitive\\\/#breadcrumb\",\"itemListElement\":[{\"@type\":\"ListItem\",\"position\":1,\"name\":\"Home\",\"item\":\"https:\\\/\\\/test.sakalahambaravi.ee\\\/en\\\/\"},{\"@type\":\"ListItem\",\"position\":2,\"name\":\"FAQ\",\"item\":\"https:\\\/\\\/test.sakalahambaravi.ee\\\/en\\\/faq\\\/\"},{\"@type\":\"ListItem\",\"position\":3,\"name\":\"Why a tooth is sensitive\"}]},{\"@type\":\"WebSite\",\"@id\":\"https:\\\/\\\/test.sakalahambaravi.ee\\\/#website\",\"url\":\"https:\\\/\\\/test.sakalahambaravi.ee\\\/\",\"name\":\"Sakala Hambaravi\",\"description\":\"Hambaravikabinetid\",\"publisher\":{\"@id\":\"https:\\\/\\\/test.sakalahambaravi.ee\\\/#organization\"},\"potentialAction\":[{\"@type\":\"SearchAction\",\"target\":{\"@type\":\"EntryPoint\",\"urlTemplate\":\"https:\\\/\\\/test.sakalahambaravi.ee\\\/?s={search_term_string}\"},\"query-input\":{\"@type\":\"PropertyValueSpecification\",\"valueRequired\":true,\"valueName\":\"search_term_string\"}}],\"inLanguage\":\"en-US\"},{\"@type\":\"Organization\",\"@id\":\"https:\\\/\\\/test.sakalahambaravi.ee\\\/#organization\",\"name\":\"Bluegate O\u00dc\",\"url\":\"https:\\\/\\\/test.sakalahambaravi.ee\\\/\",\"logo\":{\"@type\":\"ImageObject\",\"inLanguage\":\"en-US\",\"@id\":\"https:\\\/\\\/test.sakalahambaravi.ee\\\/#\\\/schema\\\/logo\\\/image\\\/\",\"url\":\"https:\\\/\\\/test.sakalahambaravi.ee\\\/wp-content\\\/uploads\\\/2020\\\/12\\\/sakala-hambaravi-logo600x300.jpeg\",\"contentUrl\":\"https:\\\/\\\/test.sakalahambaravi.ee\\\/wp-content\\\/uploads\\\/2020\\\/12\\\/sakala-hambaravi-logo600x300.jpeg\",\"width\":600,\"height\":301,\"caption\":\"Bluegate O\u00dc\"},\"image\":{\"@id\":\"https:\\\/\\\/test.sakalahambaravi.ee\\\/#\\\/schema\\\/logo\\\/image\\\/\"},\"sameAs\":[\"https:\\\/\\\/www.facebook.com\\\/sakalahambaravi\"]}]}<\/script>\n<!-- \/ Yoast SEO Premium plugin. -->","yoast_head_json":{"title":"Tundlikud hambad | Sakala Hambaravi","description":"Hammaste tundlikkust v\u00f5ivad p\u00f5hjustada mitmed erinevad tegurid, sh hambaauk, hamban\u00e4rvip\u00f5letik jm. Loe l\u00e4hemalt!","robots":{"index":"index","follow":"follow","max-snippet":"max-snippet:-1","max-image-preview":"max-image-preview:large","max-video-preview":"max-video-preview:-1"},"canonical":"https:\/\/test.sakalahambaravi.ee\/en\/faq\/why-a-tooth-is-sensitive\/","og_locale":"en_US","og_type":"article","og_title":"Why a tooth is sensitive","og_description":"Hammaste tundlikkust v\u00f5ivad p\u00f5hjustada mitmed erinevad tegurid, sh hambaauk, hamban\u00e4rvip\u00f5letik jm. Loe l\u00e4hemalt!","og_url":"https:\/\/test.sakalahambaravi.ee\/en\/faq\/why-a-tooth-is-sensitive\/","og_site_name":"Sakala Hambaravi","article_publisher":"https:\/\/www.facebook.com\/sakalahambaravi","article_modified_time":"2022-10-18T10:05:50+00:00","og_image":[{"url":"https:\/\/test.sakalahambaravi.ee\/wp-content\/uploads\/2020\/08\/man-explaining-symptoms-to-nurse-6C49D57-300x200.jpg","type":"","width":"","height":""}],"twitter_card":"summary_large_image","twitter_misc":{"Est. reading time":"2 minutes"},"schema":{"@context":"https:\/\/schema.org","@graph":[{"@type":["WebPage","MedicalWebPage"],"@id":"https:\/\/test.sakalahambaravi.ee\/en\/faq\/why-a-tooth-is-sensitive\/","url":"https:\/\/test.sakalahambaravi.ee\/en\/faq\/why-a-tooth-is-sensitive\/","name":"Tundlikud hambad | Sakala Hambaravi","isPartOf":{"@id":"https:\/\/test.sakalahambaravi.ee\/#website"},"primaryImageOfPage":{"@id":"https:\/\/test.sakalahambaravi.ee\/en\/faq\/why-a-tooth-is-sensitive\/#primaryimage"},"image":{"@id":"https:\/\/test.sakalahambaravi.ee\/en\/faq\/why-a-tooth-is-sensitive\/#primaryimage"},"thumbnailUrl":"https:\/\/test.sakalahambaravi.ee\/wp-content\/uploads\/2020\/08\/man-explaining-symptoms-to-nurse-6C49D57-300x200.jpg","datePublished":"2020-08-24T10:17:52+00:00","dateModified":"2022-10-18T10:05:50+00:00","description":"Hammaste tundlikkust v\u00f5ivad p\u00f5hjustada mitmed erinevad tegurid, sh hambaauk, hamban\u00e4rvip\u00f5letik jm. Loe l\u00e4hemalt!","breadcrumb":{"@id":"https:\/\/test.sakalahambaravi.ee\/en\/faq\/why-a-tooth-is-sensitive\/#breadcrumb"},"inLanguage":"en-US","potentialAction":[{"@type":"ReadAction","target":["https:\/\/test.sakalahambaravi.ee\/en\/faq\/why-a-tooth-is-sensitive\/"]}]},{"@type":"ImageObject","inLanguage":"en-US","@id":"https:\/\/test.sakalahambaravi.ee\/en\/faq\/why-a-tooth-is-sensitive\/#primaryimage","url":"https:\/\/test.sakalahambaravi.ee\/wp-content\/uploads\/2020\/08\/man-explaining-symptoms-to-nurse-6C49D57-300x200.jpg","contentUrl":"https:\/\/test.sakalahambaravi.ee\/wp-content\/uploads\/2020\/08\/man-explaining-symptoms-to-nurse-6C49D57-300x200.jpg"},{"@type":"BreadcrumbList","@id":"https:\/\/test.sakalahambaravi.ee\/en\/faq\/why-a-tooth-is-sensitive\/#breadcrumb","itemListElement":[{"@type":"ListItem","position":1,"name":"Home","item":"https:\/\/test.sakalahambaravi.ee\/en\/"},{"@type":"ListItem","position":2,"name":"FAQ","item":"https:\/\/test.sakalahambaravi.ee\/en\/faq\/"},{"@type":"ListItem","position":3,"name":"Why a tooth is sensitive"}]},{"@type":"WebSite","@id":"https:\/\/test.sakalahambaravi.ee\/#website","url":"https:\/\/test.sakalahambaravi.ee\/","name":"Sakala Hambaravi","description":"Hambaravikabinetid","publisher":{"@id":"https:\/\/test.sakalahambaravi.ee\/#organization"},"potentialAction":[{"@type":"SearchAction","target":{"@type":"EntryPoint","urlTemplate":"https:\/\/test.sakalahambaravi.ee\/?s={search_term_string}"},"query-input":{"@type":"PropertyValueSpecification","valueRequired":true,"valueName":"search_term_string"}}],"inLanguage":"en-US"},{"@type":"Organization","@id":"https:\/\/test.sakalahambaravi.ee\/#organization","name":"Bluegate O\u00dc","url":"https:\/\/test.sakalahambaravi.ee\/","logo":{"@type":"ImageObject","inLanguage":"en-US","@id":"https:\/\/test.sakalahambaravi.ee\/#\/schema\/logo\/image\/","url":"https:\/\/test.sakalahambaravi.ee\/wp-content\/uploads\/2020\/12\/sakala-hambaravi-logo600x300.jpeg","contentUrl":"https:\/\/test.sakalahambaravi.ee\/wp-content\/uploads\/2020\/12\/sakala-hambaravi-logo600x300.jpeg","width":600,"height":301,"caption":"Bluegate O\u00dc"},"image":{"@id":"https:\/\/test.sakalahambaravi.ee\/#\/schema\/logo\/image\/"},"sameAs":["https:\/\/www.facebook.com\/sakalahambaravi"]}]}},"_links":{"self":[{"href":"https:\/\/test.sakalahambaravi.ee\/en\/wp-json\/wp\/v2\/pages\/6129","targetHints":{"allow":["GET"]}}],"collection":[{"href":"https:\/\/test.sakalahambaravi.ee\/en\/wp-json\/wp\/v2\/pages"}],"about":[{"href":"https:\/\/test.sakalahambaravi.ee\/en\/wp-json\/wp\/v2\/types\/page"}],"author":[{"embeddable":true,"href":"https:\/\/test.sakalahambaravi.ee\/en\/wp-json\/wp\/v2\/users\/1"}],"replies":[{"embeddable":true,"href":"https:\/\/test.sakalahambaravi.ee\/en\/wp-json\/wp\/v2\/comments?post=6129"}],"version-history":[{"count":14,"href":"https:\/\/test.sakalahambaravi.ee\/en\/wp-json\/wp\/v2\/pages\/6129\/revisions"}],"predecessor-version":[{"id":10536,"href":"https:\/\/test.sakalahambaravi.ee\/en\/wp-json\/wp\/v2\/pages\/6129\/revisions\/10536"}],"up":[{"embeddable":true,"href":"https:\/\/test.sakalahambaravi.ee\/en\/wp-json\/wp\/v2\/pages\/6135"}],"wp:attachment":[{"href":"https:\/\/test.sakalahambaravi.ee\/en\/wp-json\/wp\/v2\/media?parent=6129"}],"curies":[{"name":"wp","href":"https:\/\/api.w.org\/{rel}","templated":true}]}}