{"id":6130,"date":"2020-08-24T13:15:08","date_gmt":"2020-08-24T10:15:08","guid":{"rendered":"https:\/\/test.sakalahambaravi.ee\/miks-igemed-valutavad\/"},"modified":"2022-10-18T13:08:54","modified_gmt":"2022-10-18T10:08:54","slug":"why-gums-hurt","status":"publish","type":"page","link":"https:\/\/test.sakalahambaravi.ee\/en\/faq\/why-gums-hurt\/","title":{"rendered":"Why gums hurt"},"content":{"rendered":"<p><span style=\"font-weight: 400;\">People are generally less familiar with gum diseases, but since it is the second group of very common diseases besides caries, we will devote attention to this problem here.<\/span><\/p>\n<p><span style=\"font-weight: 400;\">To put it simply, gum diseases can be divided into two groups: gingivitis or inflammation of the gums, and periodontitis or chronic inflammation of the tissue surrounding the tooth.<\/span><\/p>\n<p><b>Some of the possible causes why gums hurt<\/b><\/p>\n<p><b><br \/>\nGingivitis or gum inflammation<\/b><\/p>\n<p><span style=\"font-weight: 400;\">The cause and prerequisite for the development of gingivitis is the formation and accumulation of dental plaque around the teeth. Plaque build-up can be related to oral hygiene as well as many other factors. These can be mineral deficiencies in the diet, stress, mucosal injuries, orthodontic appliances, various blood and infectious diseases, and many other factors. Gingivitis manifests itself in the first phase with bleeding while cleaning the teeth. As the symptoms worsen, the colour and appearance of the gums may change, accompanied by redness and swelling. Halitosis, or bad breath, is also a common symptom, accompanied by an unpleasant taste in the mouth. Less commonly, gingivitis can cause pain, enlargement of gums and ulcers. To diagnose the condition, the doctor will analyse the patient\u2019s complaints and carry out an examination of the oral cavity. Treatment of gingivitis involves removing plaque and tartar during a doctor\u2019s appointment and, together with the doctor, establishing proper oral hygiene and adhering to it. Also, the factors that cause dental plaque must be discussed with the doctor and ways to eliminate undesirable factors should be found.<\/p>\n<p><\/span><\/p>\n<p><b>Periodontitis<br \/>\n<\/b><span style=\"font-weight: 400;\">This is a chronic inflammation of the tissue around the teeth, caused by mineralised plaque, the occurrence of which is facilitated by a number of factors: oral hygiene, oral mucosal abnormalities, poorly finished dentures. However, dietary habits, genetic factors, occlusion anomalies, age, systemic diseases and many other factors can also contribute to occurrence of dental plaque. In the early stage, the inflammation of the gums may not be apparent. Very typically, inflammation is accompanied by redness and bleeding gums. There may also be swelling and general discomfort in the gums. Periodontitis is accompanied by receding gums, which, when the root of the tooth is left unprotected, can lead to increased sensitivity of the tooth to hot and cold. As the disease progresses, the tooth begins to move. It is important to see a doctor to catch the disease early and to control the inflammatory process. As periodontitis is an irreversible process, it is possible to halt the progression of the disease, but there are no treatments available today to fully restore the gum tissues. Regular check-ups with a doctor can help to diagnose the disease in time. Good oral hygiene must be carefully practised.<\/p>\n<p><\/span><\/p>\n<p><img loading=\"lazy\" decoding=\"async\" class=\"alignnone wp-image-1688 size-medium\" src=\"https:\/\/test.sakalahambaravi.ee\/wp-content\/uploads\/2020\/08\/explaining-tooth-implantation-Y2MQDHC-300x200.jpg\" alt=\"MIks igemed valutavad\" width=\"300\" height=\"200\" srcset=\"https:\/\/test.sakalahambaravi.ee\/wp-content\/uploads\/2020\/08\/explaining-tooth-implantation-Y2MQDHC-300x200.jpg 300w, https:\/\/test.sakalahambaravi.ee\/wp-content\/uploads\/2020\/08\/explaining-tooth-implantation-Y2MQDHC-1024x683.jpg 1024w, https:\/\/test.sakalahambaravi.ee\/wp-content\/uploads\/2020\/08\/explaining-tooth-implantation-Y2MQDHC-768x512.jpg 768w, https:\/\/test.sakalahambaravi.ee\/wp-content\/uploads\/2020\/08\/explaining-tooth-implantation-Y2MQDHC.jpg 1440w\" sizes=\"auto, (max-width: 300px) 100vw, 300px\" \/><\/p>\n<p><span style=\"font-weight: 400;\">You can get further explanations about why your gums hurt during a doctor\u2019s appointment at our clinic.<\/span><\/p>\n<p><span style=\"font-weight: 400;\">Read more about our services\u00a0<\/span><a href=\"https:\/\/test.sakalahambaravi.ee\/en\/services\/\"><span style=\"font-weight: 400;\">here<\/span><\/a><span style=\"font-weight: 400;\">.<br \/>\n<\/span><span style=\"font-weight: 400;\">Find more useful information\u00a0<\/span><a href=\"http:\/\/www.hambaarst.ee\/\"><span style=\"font-weight: 400;\">here<\/span><\/a><span style=\"font-weight: 400;\">.<\/span><\/p>\n","protected":false},"excerpt":{"rendered":"<p>People are generally less familiar with gum diseases, but since it is the second group of very common diseases besides caries, we will devote attention to this problem here. To put it simply, gum diseases can be divided into two groups: gingivitis or inflammation of the gums, and periodontitis or chronic inflammation of the tissue [&hellip;]<\/p>\n","protected":false},"author":1,"featured_media":0,"parent":6135,"menu_order":0,"comment_status":"closed","ping_status":"closed","template":"simple-page.php","meta":{"_acf_changed":false,"footnotes":""},"class_list":["post-6130","page","type-page","status-publish","hentry"],"acf":[],"yoast_head":"<!-- This site is optimized with the Yoast SEO Premium plugin v27.4 (Yoast SEO v27.4) - https:\/\/yoast.com\/product\/yoast-seo-premium-wordpress\/ -->\n<title>Miks igemed valutavad | Sakala Hambaravi<\/title>\n<meta name=\"description\" content=\"Igemevalu on hambavalu k\u00f5rval \u00fcks sagedasemaid vaevusi. P\u00f5hjusteks, miks igemed valutavad, on enamasti gingiviit v\u00f5i parodontiit. Loe l\u00e4hemalt!\" \/>\n<meta name=\"robots\" content=\"index, follow, max-snippet:-1, max-image-preview:large, max-video-preview:-1\" \/>\n<link rel=\"canonical\" href=\"https:\/\/test.sakalahambaravi.ee\/en\/faq\/why-gums-hurt\/\" \/>\n<meta property=\"og:locale\" content=\"en_US\" \/>\n<meta property=\"og:type\" content=\"article\" \/>\n<meta property=\"og:title\" content=\"Why gums hurt\" \/>\n<meta property=\"og:description\" content=\"Igemevalu on hambavalu k\u00f5rval \u00fcks sagedasemaid vaevusi. P\u00f5hjusteks, miks igemed valutavad, on enamasti gingiviit v\u00f5i parodontiit. Loe l\u00e4hemalt!\" \/>\n<meta property=\"og:url\" content=\"https:\/\/test.sakalahambaravi.ee\/en\/faq\/why-gums-hurt\/\" \/>\n<meta property=\"og:site_name\" content=\"Sakala Hambaravi\" \/>\n<meta property=\"article:publisher\" content=\"https:\/\/www.facebook.com\/sakalahambaravi\" \/>\n<meta property=\"article:modified_time\" content=\"2022-10-18T10:08:54+00:00\" \/>\n<meta property=\"og:image\" content=\"https:\/\/test.sakalahambaravi.ee\/wp-content\/uploads\/2020\/08\/explaining-tooth-implantation-Y2MQDHC-300x200.jpg\" \/>\n<meta name=\"twitter:card\" content=\"summary_large_image\" \/>\n<meta name=\"twitter:label1\" content=\"Est. reading time\" \/>\n\t<meta name=\"twitter:data1\" content=\"2 minutes\" \/>\n<script type=\"application\/ld+json\" class=\"yoast-schema-graph\">{\"@context\":\"https:\\\/\\\/schema.org\",\"@graph\":[{\"@type\":[\"WebPage\",\"MedicalWebPage\"],\"@id\":\"https:\\\/\\\/test.sakalahambaravi.ee\\\/en\\\/faq\\\/why-gums-hurt\\\/\",\"url\":\"https:\\\/\\\/test.sakalahambaravi.ee\\\/en\\\/faq\\\/why-gums-hurt\\\/\",\"name\":\"Miks igemed valutavad | Sakala Hambaravi\",\"isPartOf\":{\"@id\":\"https:\\\/\\\/test.sakalahambaravi.ee\\\/#website\"},\"primaryImageOfPage\":{\"@id\":\"https:\\\/\\\/test.sakalahambaravi.ee\\\/en\\\/faq\\\/why-gums-hurt\\\/#primaryimage\"},\"image\":{\"@id\":\"https:\\\/\\\/test.sakalahambaravi.ee\\\/en\\\/faq\\\/why-gums-hurt\\\/#primaryimage\"},\"thumbnailUrl\":\"https:\\\/\\\/test.sakalahambaravi.ee\\\/wp-content\\\/uploads\\\/2020\\\/08\\\/explaining-tooth-implantation-Y2MQDHC-300x200.jpg\",\"datePublished\":\"2020-08-24T10:15:08+00:00\",\"dateModified\":\"2022-10-18T10:08:54+00:00\",\"description\":\"Igemevalu on hambavalu k\u00f5rval \u00fcks sagedasemaid vaevusi. P\u00f5hjusteks, miks igemed valutavad, on enamasti gingiviit v\u00f5i parodontiit. Loe l\u00e4hemalt!\",\"breadcrumb\":{\"@id\":\"https:\\\/\\\/test.sakalahambaravi.ee\\\/en\\\/faq\\\/why-gums-hurt\\\/#breadcrumb\"},\"inLanguage\":\"en-US\",\"potentialAction\":[{\"@type\":\"ReadAction\",\"target\":[\"https:\\\/\\\/test.sakalahambaravi.ee\\\/en\\\/faq\\\/why-gums-hurt\\\/\"]}]},{\"@type\":\"ImageObject\",\"inLanguage\":\"en-US\",\"@id\":\"https:\\\/\\\/test.sakalahambaravi.ee\\\/en\\\/faq\\\/why-gums-hurt\\\/#primaryimage\",\"url\":\"https:\\\/\\\/test.sakalahambaravi.ee\\\/wp-content\\\/uploads\\\/2020\\\/08\\\/explaining-tooth-implantation-Y2MQDHC-300x200.jpg\",\"contentUrl\":\"https:\\\/\\\/test.sakalahambaravi.ee\\\/wp-content\\\/uploads\\\/2020\\\/08\\\/explaining-tooth-implantation-Y2MQDHC-300x200.jpg\"},{\"@type\":\"BreadcrumbList\",\"@id\":\"https:\\\/\\\/test.sakalahambaravi.ee\\\/en\\\/faq\\\/why-gums-hurt\\\/#breadcrumb\",\"itemListElement\":[{\"@type\":\"ListItem\",\"position\":1,\"name\":\"Home\",\"item\":\"https:\\\/\\\/test.sakalahambaravi.ee\\\/en\\\/\"},{\"@type\":\"ListItem\",\"position\":2,\"name\":\"FAQ\",\"item\":\"https:\\\/\\\/test.sakalahambaravi.ee\\\/en\\\/faq\\\/\"},{\"@type\":\"ListItem\",\"position\":3,\"name\":\"Why gums hurt\"}]},{\"@type\":\"WebSite\",\"@id\":\"https:\\\/\\\/test.sakalahambaravi.ee\\\/#website\",\"url\":\"https:\\\/\\\/test.sakalahambaravi.ee\\\/\",\"name\":\"Sakala Hambaravi\",\"description\":\"Hambaravikabinetid\",\"publisher\":{\"@id\":\"https:\\\/\\\/test.sakalahambaravi.ee\\\/#organization\"},\"potentialAction\":[{\"@type\":\"SearchAction\",\"target\":{\"@type\":\"EntryPoint\",\"urlTemplate\":\"https:\\\/\\\/test.sakalahambaravi.ee\\\/?s={search_term_string}\"},\"query-input\":{\"@type\":\"PropertyValueSpecification\",\"valueRequired\":true,\"valueName\":\"search_term_string\"}}],\"inLanguage\":\"en-US\"},{\"@type\":\"Organization\",\"@id\":\"https:\\\/\\\/test.sakalahambaravi.ee\\\/#organization\",\"name\":\"Bluegate O\u00dc\",\"url\":\"https:\\\/\\\/test.sakalahambaravi.ee\\\/\",\"logo\":{\"@type\":\"ImageObject\",\"inLanguage\":\"en-US\",\"@id\":\"https:\\\/\\\/test.sakalahambaravi.ee\\\/#\\\/schema\\\/logo\\\/image\\\/\",\"url\":\"https:\\\/\\\/test.sakalahambaravi.ee\\\/wp-content\\\/uploads\\\/2020\\\/12\\\/sakala-hambaravi-logo600x300.jpeg\",\"contentUrl\":\"https:\\\/\\\/test.sakalahambaravi.ee\\\/wp-content\\\/uploads\\\/2020\\\/12\\\/sakala-hambaravi-logo600x300.jpeg\",\"width\":600,\"height\":301,\"caption\":\"Bluegate O\u00dc\"},\"image\":{\"@id\":\"https:\\\/\\\/test.sakalahambaravi.ee\\\/#\\\/schema\\\/logo\\\/image\\\/\"},\"sameAs\":[\"https:\\\/\\\/www.facebook.com\\\/sakalahambaravi\"]}]}<\/script>\n<!-- \/ Yoast SEO Premium plugin. -->","yoast_head_json":{"title":"Miks igemed valutavad | Sakala Hambaravi","description":"Igemevalu on hambavalu k\u00f5rval \u00fcks sagedasemaid vaevusi. P\u00f5hjusteks, miks igemed valutavad, on enamasti gingiviit v\u00f5i parodontiit. Loe l\u00e4hemalt!","robots":{"index":"index","follow":"follow","max-snippet":"max-snippet:-1","max-image-preview":"max-image-preview:large","max-video-preview":"max-video-preview:-1"},"canonical":"https:\/\/test.sakalahambaravi.ee\/en\/faq\/why-gums-hurt\/","og_locale":"en_US","og_type":"article","og_title":"Why gums hurt","og_description":"Igemevalu on hambavalu k\u00f5rval \u00fcks sagedasemaid vaevusi. P\u00f5hjusteks, miks igemed valutavad, on enamasti gingiviit v\u00f5i parodontiit. Loe l\u00e4hemalt!","og_url":"https:\/\/test.sakalahambaravi.ee\/en\/faq\/why-gums-hurt\/","og_site_name":"Sakala Hambaravi","article_publisher":"https:\/\/www.facebook.com\/sakalahambaravi","article_modified_time":"2022-10-18T10:08:54+00:00","og_image":[{"url":"https:\/\/test.sakalahambaravi.ee\/wp-content\/uploads\/2020\/08\/explaining-tooth-implantation-Y2MQDHC-300x200.jpg","type":"","width":"","height":""}],"twitter_card":"summary_large_image","twitter_misc":{"Est. reading time":"2 minutes"},"schema":{"@context":"https:\/\/schema.org","@graph":[{"@type":["WebPage","MedicalWebPage"],"@id":"https:\/\/test.sakalahambaravi.ee\/en\/faq\/why-gums-hurt\/","url":"https:\/\/test.sakalahambaravi.ee\/en\/faq\/why-gums-hurt\/","name":"Miks igemed valutavad | Sakala Hambaravi","isPartOf":{"@id":"https:\/\/test.sakalahambaravi.ee\/#website"},"primaryImageOfPage":{"@id":"https:\/\/test.sakalahambaravi.ee\/en\/faq\/why-gums-hurt\/#primaryimage"},"image":{"@id":"https:\/\/test.sakalahambaravi.ee\/en\/faq\/why-gums-hurt\/#primaryimage"},"thumbnailUrl":"https:\/\/test.sakalahambaravi.ee\/wp-content\/uploads\/2020\/08\/explaining-tooth-implantation-Y2MQDHC-300x200.jpg","datePublished":"2020-08-24T10:15:08+00:00","dateModified":"2022-10-18T10:08:54+00:00","description":"Igemevalu on hambavalu k\u00f5rval \u00fcks sagedasemaid vaevusi. P\u00f5hjusteks, miks igemed valutavad, on enamasti gingiviit v\u00f5i parodontiit. Loe l\u00e4hemalt!","breadcrumb":{"@id":"https:\/\/test.sakalahambaravi.ee\/en\/faq\/why-gums-hurt\/#breadcrumb"},"inLanguage":"en-US","potentialAction":[{"@type":"ReadAction","target":["https:\/\/test.sakalahambaravi.ee\/en\/faq\/why-gums-hurt\/"]}]},{"@type":"ImageObject","inLanguage":"en-US","@id":"https:\/\/test.sakalahambaravi.ee\/en\/faq\/why-gums-hurt\/#primaryimage","url":"https:\/\/test.sakalahambaravi.ee\/wp-content\/uploads\/2020\/08\/explaining-tooth-implantation-Y2MQDHC-300x200.jpg","contentUrl":"https:\/\/test.sakalahambaravi.ee\/wp-content\/uploads\/2020\/08\/explaining-tooth-implantation-Y2MQDHC-300x200.jpg"},{"@type":"BreadcrumbList","@id":"https:\/\/test.sakalahambaravi.ee\/en\/faq\/why-gums-hurt\/#breadcrumb","itemListElement":[{"@type":"ListItem","position":1,"name":"Home","item":"https:\/\/test.sakalahambaravi.ee\/en\/"},{"@type":"ListItem","position":2,"name":"FAQ","item":"https:\/\/test.sakalahambaravi.ee\/en\/faq\/"},{"@type":"ListItem","position":3,"name":"Why gums hurt"}]},{"@type":"WebSite","@id":"https:\/\/test.sakalahambaravi.ee\/#website","url":"https:\/\/test.sakalahambaravi.ee\/","name":"Sakala Hambaravi","description":"Hambaravikabinetid","publisher":{"@id":"https:\/\/test.sakalahambaravi.ee\/#organization"},"potentialAction":[{"@type":"SearchAction","target":{"@type":"EntryPoint","urlTemplate":"https:\/\/test.sakalahambaravi.ee\/?s={search_term_string}"},"query-input":{"@type":"PropertyValueSpecification","valueRequired":true,"valueName":"search_term_string"}}],"inLanguage":"en-US"},{"@type":"Organization","@id":"https:\/\/test.sakalahambaravi.ee\/#organization","name":"Bluegate O\u00dc","url":"https:\/\/test.sakalahambaravi.ee\/","logo":{"@type":"ImageObject","inLanguage":"en-US","@id":"https:\/\/test.sakalahambaravi.ee\/#\/schema\/logo\/image\/","url":"https:\/\/test.sakalahambaravi.ee\/wp-content\/uploads\/2020\/12\/sakala-hambaravi-logo600x300.jpeg","contentUrl":"https:\/\/test.sakalahambaravi.ee\/wp-content\/uploads\/2020\/12\/sakala-hambaravi-logo600x300.jpeg","width":600,"height":301,"caption":"Bluegate O\u00dc"},"image":{"@id":"https:\/\/test.sakalahambaravi.ee\/#\/schema\/logo\/image\/"},"sameAs":["https:\/\/www.facebook.com\/sakalahambaravi"]}]}},"_links":{"self":[{"href":"https:\/\/test.sakalahambaravi.ee\/en\/wp-json\/wp\/v2\/pages\/6130","targetHints":{"allow":["GET"]}}],"collection":[{"href":"https:\/\/test.sakalahambaravi.ee\/en\/wp-json\/wp\/v2\/pages"}],"about":[{"href":"https:\/\/test.sakalahambaravi.ee\/en\/wp-json\/wp\/v2\/types\/page"}],"author":[{"embeddable":true,"href":"https:\/\/test.sakalahambaravi.ee\/en\/wp-json\/wp\/v2\/users\/1"}],"replies":[{"embeddable":true,"href":"https:\/\/test.sakalahambaravi.ee\/en\/wp-json\/wp\/v2\/comments?post=6130"}],"version-history":[{"count":11,"href":"https:\/\/test.sakalahambaravi.ee\/en\/wp-json\/wp\/v2\/pages\/6130\/revisions"}],"predecessor-version":[{"id":10539,"href":"https:\/\/test.sakalahambaravi.ee\/en\/wp-json\/wp\/v2\/pages\/6130\/revisions\/10539"}],"up":[{"embeddable":true,"href":"https:\/\/test.sakalahambaravi.ee\/en\/wp-json\/wp\/v2\/pages\/6135"}],"wp:attachment":[{"href":"https:\/\/test.sakalahambaravi.ee\/en\/wp-json\/wp\/v2\/media?parent=6130"}],"curies":[{"name":"wp","href":"https:\/\/api.w.org\/{rel}","templated":true}]}}