{"id":6136,"date":"2020-08-06T17:47:00","date_gmt":"2020-08-06T14:47:00","guid":{"rendered":"https:\/\/test.sakalahambaravi.ee\/mida-oodata-oma-esimesel-visiidil\/"},"modified":"2022-10-18T12:44:54","modified_gmt":"2022-10-18T09:44:54","slug":"what-to-expect-at-your-first-dental-visit","status":"publish","type":"page","link":"https:\/\/test.sakalahambaravi.ee\/en\/what-to-expect-at-your-first-dental-visit\/","title":{"rendered":"What to expect at your first dental visit"},"content":{"rendered":"<p>People often ask us what they should expect at their first visit to the<br \/>\ndentist. Here is a brief overview.<\/p>\n<ul>\n<li>Arrive 5\u201310 minutes early to have plenty of time to fill in the<br \/>\nhealth declaration and other necessary paperwork before<br \/>\nentering the dentist\u2019s office.<\/li>\n<li>If possible, come alone. Keep your distance and disinfect your<br \/>\nhands when you enter.<\/li>\n<li>If you feel ill, postpone your visit.<\/li>\n<li>In case you are not able to keep the appointment at the<br \/>\nagreed upon time, give us at least 24 hours\u2019 notice, if possible.<br \/>\nWe can then offer the appointment to another patient who<br \/>\nreally needs it.<\/li>\n<li>Depending on the procedure, it is advisable to eat before the<br \/>\nvisit, since anaesthetic injections can cause mild dizziness and<br \/>\nwith some procedures, you might not be allowed to eat for a<br \/>\ncouple of hours afterwards.<\/li>\n<li>We always do our best to keep to the schedule but in<br \/>\nexceptional cases, it may take longer than planned to treat<br \/>\nsome patients. We ask for your understanding.<\/li>\n<\/ul>\n<h4 style=\"text-align: left;\">Our waiting room is nice and peaceful \ud83d\ude42<\/h4>\n<p><img loading=\"lazy\" decoding=\"async\" class=\"size-medium wp-image-1309\" src=\"https:\/\/test.sakalahambaravi.ee\/wp-content\/uploads\/2020\/08\/sakalahambaravi-gallery-0A6B9008-300x200.jpg\" alt=\"Mida oodata oma esimesel visiidil\" width=\"300\" height=\"200\" srcset=\"https:\/\/test.sakalahambaravi.ee\/wp-content\/uploads\/2020\/08\/sakalahambaravi-gallery-0A6B9008-300x200.jpg 300w, https:\/\/test.sakalahambaravi.ee\/wp-content\/uploads\/2020\/08\/sakalahambaravi-gallery-0A6B9008-1024x683.jpg 1024w, https:\/\/test.sakalahambaravi.ee\/wp-content\/uploads\/2020\/08\/sakalahambaravi-gallery-0A6B9008-768x512.jpg 768w, https:\/\/test.sakalahambaravi.ee\/wp-content\/uploads\/2020\/08\/sakalahambaravi-gallery-0A6B9008.jpg 1440w\" sizes=\"auto, (max-width: 300px) 100vw, 300px\" \/><\/p>\n<p>Be sure to read the payment information, as payment for services<br \/>\ntakes place at the clinic.<\/p>\n<p>Read more about our services\u00a0<a href=\"https:\/\/test.sakalahambaravi.ee\/en\/services\/\">here<\/a>.<\/p>\n<p>Read more about oral health\u00a0<a href=\"https:\/\/www.hambaarst.ee\/\">here<\/a>.<\/p>\n","protected":false},"excerpt":{"rendered":"<p>People often ask us what they should expect at their first visit to the dentist. Here is a brief overview. Arrive 5\u201310 minutes early to have plenty of time to fill in the health declaration and other necessary paperwork before entering the dentist\u2019s office. If possible, come alone. Keep your distance and disinfect your hands [&hellip;]<\/p>\n","protected":false},"author":1,"featured_media":0,"parent":0,"menu_order":0,"comment_status":"closed","ping_status":"closed","template":"simple-page.php","meta":{"_acf_changed":false,"footnotes":""},"class_list":["post-6136","page","type-page","status-publish","hentry"],"acf":[],"yoast_head":"<!-- This site is optimized with the Yoast SEO Premium plugin v27.4 (Yoast SEO v27.4) - https:\/\/yoast.com\/product\/yoast-seo-premium-wordpress\/ -->\n<title>Mida oodata esimesel hambaarsti visiidil | Sakala Hambaravi Tallinnas<\/title>\n<meta name=\"description\" content=\"Selgitame, mida oodata ja millega arvestada oma esimesel hambaarsti visiidil. Lisak\u00fcsimuste korral v\u00f5ta julgesti meiega \u00fchendust!\" \/>\n<meta name=\"robots\" content=\"index, follow, max-snippet:-1, max-image-preview:large, max-video-preview:-1\" \/>\n<link rel=\"canonical\" href=\"https:\/\/test.sakalahambaravi.ee\/en\/what-to-expect-at-your-first-dental-visit\/\" \/>\n<meta property=\"og:locale\" content=\"en_US\" \/>\n<meta property=\"og:type\" content=\"article\" \/>\n<meta property=\"og:title\" content=\"What to expect at your first dental visit\" \/>\n<meta property=\"og:description\" content=\"Selgitame, mida oodata ja millega arvestada oma esimesel hambaarsti visiidil. Lisak\u00fcsimuste korral v\u00f5ta julgesti meiega \u00fchendust!\" \/>\n<meta property=\"og:url\" content=\"https:\/\/test.sakalahambaravi.ee\/en\/what-to-expect-at-your-first-dental-visit\/\" \/>\n<meta property=\"og:site_name\" content=\"Sakala Hambaravi\" \/>\n<meta property=\"article:publisher\" content=\"https:\/\/www.facebook.com\/sakalahambaravi\" \/>\n<meta property=\"article:modified_time\" content=\"2022-10-18T09:44:54+00:00\" \/>\n<meta property=\"og:image\" content=\"https:\/\/test.sakalahambaravi.ee\/wp-content\/uploads\/2020\/08\/sakalahambaravi-gallery-0A6B9008-300x200.jpg\" \/>\n<meta name=\"twitter:card\" content=\"summary_large_image\" \/>\n<meta name=\"twitter:label1\" content=\"Est. reading time\" \/>\n\t<meta name=\"twitter:data1\" content=\"1 minute\" \/>\n<script type=\"application\/ld+json\" class=\"yoast-schema-graph\">{\"@context\":\"https:\\\/\\\/schema.org\",\"@graph\":[{\"@type\":[\"WebPage\",\"MedicalWebPage\"],\"@id\":\"https:\\\/\\\/test.sakalahambaravi.ee\\\/en\\\/what-to-expect-at-your-first-dental-visit\\\/\",\"url\":\"https:\\\/\\\/test.sakalahambaravi.ee\\\/en\\\/what-to-expect-at-your-first-dental-visit\\\/\",\"name\":\"Mida oodata esimesel hambaarsti visiidil | Sakala Hambaravi Tallinnas\",\"isPartOf\":{\"@id\":\"https:\\\/\\\/test.sakalahambaravi.ee\\\/#website\"},\"primaryImageOfPage\":{\"@id\":\"https:\\\/\\\/test.sakalahambaravi.ee\\\/en\\\/what-to-expect-at-your-first-dental-visit\\\/#primaryimage\"},\"image\":{\"@id\":\"https:\\\/\\\/test.sakalahambaravi.ee\\\/en\\\/what-to-expect-at-your-first-dental-visit\\\/#primaryimage\"},\"thumbnailUrl\":\"https:\\\/\\\/test.sakalahambaravi.ee\\\/wp-content\\\/uploads\\\/2020\\\/08\\\/sakalahambaravi-gallery-0A6B9008-300x200.jpg\",\"datePublished\":\"2020-08-06T14:47:00+00:00\",\"dateModified\":\"2022-10-18T09:44:54+00:00\",\"description\":\"Selgitame, mida oodata ja millega arvestada oma esimesel hambaarsti visiidil. Lisak\u00fcsimuste korral v\u00f5ta julgesti meiega \u00fchendust!\",\"breadcrumb\":{\"@id\":\"https:\\\/\\\/test.sakalahambaravi.ee\\\/en\\\/what-to-expect-at-your-first-dental-visit\\\/#breadcrumb\"},\"inLanguage\":\"en-US\",\"potentialAction\":[{\"@type\":\"ReadAction\",\"target\":[\"https:\\\/\\\/test.sakalahambaravi.ee\\\/en\\\/what-to-expect-at-your-first-dental-visit\\\/\"]}]},{\"@type\":\"ImageObject\",\"inLanguage\":\"en-US\",\"@id\":\"https:\\\/\\\/test.sakalahambaravi.ee\\\/en\\\/what-to-expect-at-your-first-dental-visit\\\/#primaryimage\",\"url\":\"https:\\\/\\\/test.sakalahambaravi.ee\\\/wp-content\\\/uploads\\\/2020\\\/08\\\/sakalahambaravi-gallery-0A6B9008-300x200.jpg\",\"contentUrl\":\"https:\\\/\\\/test.sakalahambaravi.ee\\\/wp-content\\\/uploads\\\/2020\\\/08\\\/sakalahambaravi-gallery-0A6B9008-300x200.jpg\"},{\"@type\":\"BreadcrumbList\",\"@id\":\"https:\\\/\\\/test.sakalahambaravi.ee\\\/en\\\/what-to-expect-at-your-first-dental-visit\\\/#breadcrumb\",\"itemListElement\":[{\"@type\":\"ListItem\",\"position\":1,\"name\":\"Home\",\"item\":\"https:\\\/\\\/test.sakalahambaravi.ee\\\/en\\\/\"},{\"@type\":\"ListItem\",\"position\":2,\"name\":\"What to expect at your first dental visit\"}]},{\"@type\":\"WebSite\",\"@id\":\"https:\\\/\\\/test.sakalahambaravi.ee\\\/#website\",\"url\":\"https:\\\/\\\/test.sakalahambaravi.ee\\\/\",\"name\":\"Sakala Hambaravi\",\"description\":\"Hambaravikabinetid\",\"publisher\":{\"@id\":\"https:\\\/\\\/test.sakalahambaravi.ee\\\/#organization\"},\"potentialAction\":[{\"@type\":\"SearchAction\",\"target\":{\"@type\":\"EntryPoint\",\"urlTemplate\":\"https:\\\/\\\/test.sakalahambaravi.ee\\\/?s={search_term_string}\"},\"query-input\":{\"@type\":\"PropertyValueSpecification\",\"valueRequired\":true,\"valueName\":\"search_term_string\"}}],\"inLanguage\":\"en-US\"},{\"@type\":\"Organization\",\"@id\":\"https:\\\/\\\/test.sakalahambaravi.ee\\\/#organization\",\"name\":\"Bluegate O\u00dc\",\"url\":\"https:\\\/\\\/test.sakalahambaravi.ee\\\/\",\"logo\":{\"@type\":\"ImageObject\",\"inLanguage\":\"en-US\",\"@id\":\"https:\\\/\\\/test.sakalahambaravi.ee\\\/#\\\/schema\\\/logo\\\/image\\\/\",\"url\":\"https:\\\/\\\/test.sakalahambaravi.ee\\\/wp-content\\\/uploads\\\/2020\\\/12\\\/sakala-hambaravi-logo600x300.jpeg\",\"contentUrl\":\"https:\\\/\\\/test.sakalahambaravi.ee\\\/wp-content\\\/uploads\\\/2020\\\/12\\\/sakala-hambaravi-logo600x300.jpeg\",\"width\":600,\"height\":301,\"caption\":\"Bluegate O\u00dc\"},\"image\":{\"@id\":\"https:\\\/\\\/test.sakalahambaravi.ee\\\/#\\\/schema\\\/logo\\\/image\\\/\"},\"sameAs\":[\"https:\\\/\\\/www.facebook.com\\\/sakalahambaravi\"]}]}<\/script>\n<!-- \/ Yoast SEO Premium plugin. -->","yoast_head_json":{"title":"Mida oodata esimesel hambaarsti visiidil | Sakala Hambaravi Tallinnas","description":"Selgitame, mida oodata ja millega arvestada oma esimesel hambaarsti visiidil. Lisak\u00fcsimuste korral v\u00f5ta julgesti meiega \u00fchendust!","robots":{"index":"index","follow":"follow","max-snippet":"max-snippet:-1","max-image-preview":"max-image-preview:large","max-video-preview":"max-video-preview:-1"},"canonical":"https:\/\/test.sakalahambaravi.ee\/en\/what-to-expect-at-your-first-dental-visit\/","og_locale":"en_US","og_type":"article","og_title":"What to expect at your first dental visit","og_description":"Selgitame, mida oodata ja millega arvestada oma esimesel hambaarsti visiidil. Lisak\u00fcsimuste korral v\u00f5ta julgesti meiega \u00fchendust!","og_url":"https:\/\/test.sakalahambaravi.ee\/en\/what-to-expect-at-your-first-dental-visit\/","og_site_name":"Sakala Hambaravi","article_publisher":"https:\/\/www.facebook.com\/sakalahambaravi","article_modified_time":"2022-10-18T09:44:54+00:00","og_image":[{"url":"https:\/\/test.sakalahambaravi.ee\/wp-content\/uploads\/2020\/08\/sakalahambaravi-gallery-0A6B9008-300x200.jpg","type":"","width":"","height":""}],"twitter_card":"summary_large_image","twitter_misc":{"Est. reading time":"1 minute"},"schema":{"@context":"https:\/\/schema.org","@graph":[{"@type":["WebPage","MedicalWebPage"],"@id":"https:\/\/test.sakalahambaravi.ee\/en\/what-to-expect-at-your-first-dental-visit\/","url":"https:\/\/test.sakalahambaravi.ee\/en\/what-to-expect-at-your-first-dental-visit\/","name":"Mida oodata esimesel hambaarsti visiidil | Sakala Hambaravi Tallinnas","isPartOf":{"@id":"https:\/\/test.sakalahambaravi.ee\/#website"},"primaryImageOfPage":{"@id":"https:\/\/test.sakalahambaravi.ee\/en\/what-to-expect-at-your-first-dental-visit\/#primaryimage"},"image":{"@id":"https:\/\/test.sakalahambaravi.ee\/en\/what-to-expect-at-your-first-dental-visit\/#primaryimage"},"thumbnailUrl":"https:\/\/test.sakalahambaravi.ee\/wp-content\/uploads\/2020\/08\/sakalahambaravi-gallery-0A6B9008-300x200.jpg","datePublished":"2020-08-06T14:47:00+00:00","dateModified":"2022-10-18T09:44:54+00:00","description":"Selgitame, mida oodata ja millega arvestada oma esimesel hambaarsti visiidil. Lisak\u00fcsimuste korral v\u00f5ta julgesti meiega \u00fchendust!","breadcrumb":{"@id":"https:\/\/test.sakalahambaravi.ee\/en\/what-to-expect-at-your-first-dental-visit\/#breadcrumb"},"inLanguage":"en-US","potentialAction":[{"@type":"ReadAction","target":["https:\/\/test.sakalahambaravi.ee\/en\/what-to-expect-at-your-first-dental-visit\/"]}]},{"@type":"ImageObject","inLanguage":"en-US","@id":"https:\/\/test.sakalahambaravi.ee\/en\/what-to-expect-at-your-first-dental-visit\/#primaryimage","url":"https:\/\/test.sakalahambaravi.ee\/wp-content\/uploads\/2020\/08\/sakalahambaravi-gallery-0A6B9008-300x200.jpg","contentUrl":"https:\/\/test.sakalahambaravi.ee\/wp-content\/uploads\/2020\/08\/sakalahambaravi-gallery-0A6B9008-300x200.jpg"},{"@type":"BreadcrumbList","@id":"https:\/\/test.sakalahambaravi.ee\/en\/what-to-expect-at-your-first-dental-visit\/#breadcrumb","itemListElement":[{"@type":"ListItem","position":1,"name":"Home","item":"https:\/\/test.sakalahambaravi.ee\/en\/"},{"@type":"ListItem","position":2,"name":"What to expect at your first dental visit"}]},{"@type":"WebSite","@id":"https:\/\/test.sakalahambaravi.ee\/#website","url":"https:\/\/test.sakalahambaravi.ee\/","name":"Sakala Hambaravi","description":"Hambaravikabinetid","publisher":{"@id":"https:\/\/test.sakalahambaravi.ee\/#organization"},"potentialAction":[{"@type":"SearchAction","target":{"@type":"EntryPoint","urlTemplate":"https:\/\/test.sakalahambaravi.ee\/?s={search_term_string}"},"query-input":{"@type":"PropertyValueSpecification","valueRequired":true,"valueName":"search_term_string"}}],"inLanguage":"en-US"},{"@type":"Organization","@id":"https:\/\/test.sakalahambaravi.ee\/#organization","name":"Bluegate O\u00dc","url":"https:\/\/test.sakalahambaravi.ee\/","logo":{"@type":"ImageObject","inLanguage":"en-US","@id":"https:\/\/test.sakalahambaravi.ee\/#\/schema\/logo\/image\/","url":"https:\/\/test.sakalahambaravi.ee\/wp-content\/uploads\/2020\/12\/sakala-hambaravi-logo600x300.jpeg","contentUrl":"https:\/\/test.sakalahambaravi.ee\/wp-content\/uploads\/2020\/12\/sakala-hambaravi-logo600x300.jpeg","width":600,"height":301,"caption":"Bluegate O\u00dc"},"image":{"@id":"https:\/\/test.sakalahambaravi.ee\/#\/schema\/logo\/image\/"},"sameAs":["https:\/\/www.facebook.com\/sakalahambaravi"]}]}},"_links":{"self":[{"href":"https:\/\/test.sakalahambaravi.ee\/en\/wp-json\/wp\/v2\/pages\/6136","targetHints":{"allow":["GET"]}}],"collection":[{"href":"https:\/\/test.sakalahambaravi.ee\/en\/wp-json\/wp\/v2\/pages"}],"about":[{"href":"https:\/\/test.sakalahambaravi.ee\/en\/wp-json\/wp\/v2\/types\/page"}],"author":[{"embeddable":true,"href":"https:\/\/test.sakalahambaravi.ee\/en\/wp-json\/wp\/v2\/users\/1"}],"replies":[{"embeddable":true,"href":"https:\/\/test.sakalahambaravi.ee\/en\/wp-json\/wp\/v2\/comments?post=6136"}],"version-history":[{"count":11,"href":"https:\/\/test.sakalahambaravi.ee\/en\/wp-json\/wp\/v2\/pages\/6136\/revisions"}],"predecessor-version":[{"id":10526,"href":"https:\/\/test.sakalahambaravi.ee\/en\/wp-json\/wp\/v2\/pages\/6136\/revisions\/10526"}],"wp:attachment":[{"href":"https:\/\/test.sakalahambaravi.ee\/en\/wp-json\/wp\/v2\/media?parent=6136"}],"curies":[{"name":"wp","href":"https:\/\/api.w.org\/{rel}","templated":true}]}}