{"id":6180,"date":"2020-08-06T15:34:26","date_gmt":"2020-08-06T12:34:26","guid":{"rendered":"https:\/\/test.sakalahambaravi.ee\/jarelmaks\/"},"modified":"2021-02-05T15:53:29","modified_gmt":"2021-02-05T13:53:29","slug":"rassrochka","status":"publish","type":"page","link":"https:\/\/test.sakalahambaravi.ee\/ru\/rassrochka\/","title":{"rendered":"\u0420\u0430\u0441\u0441\u0440\u043e\u0447\u043a\u0430"},"content":{"rendered":"<h2><strong>\u0420\u0410\u0421\u0421\u0420\u041e\u0427\u041aA Sakala\u00a0 Hambaravi<\/strong><\/h2>\n<p lang=\"et-EE\">\u041d\u0430 \u0441\u0435\u0433\u043e\u0434\u043d\u044f\u0448\u043d\u0438\u0439 \u0434\u0435\u043d\u044c \u043f\u0440\u0438\u0447\u0438\u043d\u043e\u0439 \u043c\u043d\u043e\u0433\u0438\u0445 \u043b\u044e\u0434\u0435\u0439 \u043d\u0435 \u043f\u043e\u0441\u0435\u0449\u0435\u043d\u0438\u044f \u0441\u0442\u043e\u043c\u0430\u0442\u043e\u043b\u043e\u0433\u0430 \u044f\u0432\u043b\u044f\u0435\u0442\u0441\u044f \u043d\u0435 \u0441\u0442\u0440\u0430\u0445, \u043d\u043e \u0433\u043b\u0430\u0432\u043d\u044b\u043c \u043f\u0440\u0435\u043f\u044f\u0442\u0441\u0442\u0432\u0438\u0435\u043c \u044f\u0432\u043b\u044f\u0435\u0442\u0441\u044f \u0444\u0438\u043d\u0430\u043d\u0441\u043e\u0432\u0430\u044f \u0441\u0442\u043e\u0440\u043e\u043d\u0430. Sakala Hambaravi \u043f\u0440\u0435\u0434\u043b\u0430\u0433\u0430\u0435\u0442 \u0441\u0432\u043e\u0438\u043c \u043f\u0430\u0446\u0438\u0435\u043d\u0442\u0430\u043c \u043e\u043f\u043b\u0430\u0447\u0438\u0432\u0430\u0442\u044c \u043b\u0435\u0447\u0435\u043d\u0438\u0435 \u0437\u0443\u0431\u043e\u0432 \u0447\u0430\u0441\u0442\u044f\u043c\u0438. \u0420\u0430\u0441\u0441\u0440\u043e\u0447\u043a\u0443 \u043c\u043e\u0436\u043d\u043e \u0437\u0430\u043a\u043b\u044e\u0447\u0438\u0442\u044c \u0443 \u0430\u0434\u043c\u0438\u043d\u0438\u0441\u0442\u0440\u0430\u0442\u043e\u0440\u0430, \u043e\u0447\u0435\u043d\u044c \u0431\u044b\u0441\u0442\u0440\u043e \u0438 \u0443\u0434\u043e\u0431\u043d\u043e, \u043c\u0433\u043d\u043e\u0432\u0435\u043d\u043d\u043e \u043f\u043e\u043b\u0443\u0447\u0438\u0432 \u043e\u0442\u0432\u0435\u0442.<\/p>\n<h3 lang=\"et-EE\"><strong>\u0423\u0421\u041b\u041e\u0412\u0418\u042f \u0420\u0410\u0421\u0421\u0420\u041e\u0427\u041a\u0418<\/strong><\/h3>\n<ul>\n<li>\u0424\u0438\u043d\u0430\u043d\u0441\u0438\u0440\u0443\u0435\u043c\u0430\u044f \u0441\u0443\u043c\u043c\u0430: 100 \u2013 3 000 EUR<\/li>\n<li>\u041f\u043b\u0430\u0442\u0430 \u0437\u0430 \u0437\u0430\u043a\u043b\u044e\u0447\u0435\u043d\u0438\u0435 \u0434\u043e\u0433\u043e\u0432\u043e\u0440\u0430: 15 EUR<\/li>\n<li>\u0421\u0440\u043e\u043a \u0434\u0435\u0439\u0441\u0442\u0432\u0438\u044f \u0434\u043e\u0433\u043e\u0432\u043e\u0440\u0430: 4-48 \u043c\u0435\u0441\u044f\u0446\u0435\u0432<\/li>\n<li>\u041f\u0435\u0440\u0432\u044b\u0439 \u0432\u0437\u043d\u043e\u0441: o\u0442 0%<\/li>\n<li>\u0413\u043e\u0434\u043e\u0432\u0430\u044f \u043f\u0440\u043e\u0446\u0435\u043d\u0442\u043d\u0430\u044f \u0441\u0442\u0430\u0432\u043a\u0430: 15,9% \u043e\u0442 \u0441\u0443\u043c\u043c\u044b \u043f\u043e\u043a\u0443\u043f\u043a\u0438<\/li>\n<li>\u0414\u0430\u0442\u0430 \u0432\u043d\u0435\u0441\u0435\u043d\u0438\u044f \u0435\u0436\u0435\u043c\u0435\u0441\u044f\u0447\u043d\u043e\u0433\u043e \u043f\u043b\u0430\u0442\u0435\u0436\u0430: 12-\u0435 \u0447\u0438\u0441\u043b\u043e<\/li>\n<li>\u0424\u0438\u043d\u0430\u043d\u0441\u0438\u0440\u0443\u0435\u043c\u044b\u0435 \u0442\u043e\u0432\u0430\u0440\u044b \u0438 \u0443\u0441\u043b\u0443\u0433\u0438: \u041f\u0430\u0440\u0442\u043d\u0435\u0440\u0441\u043a\u0438\u0435 \u0442\u043e\u0432\u0430\u0440\u044b \u0438 \u0443\u0441\u043b\u0443\u0433\u0438<\/li>\n<\/ul>\n<h3 lang=\"et-EE\"><strong>\u0422\u0420\u0415\u0411\u041e\u0412\u0410\u041d\u0418\u042f \u041a \u041a\u041b\u0418\u0415\u041d\u0422\u0423<\/strong><\/h3>\n<ul>\n<li>\u0412\u043e\u0437\u0440\u0430\u0441\u0442 \u2013 \u043e\u0442 21 \u0433\u043e\u0434\u0430 \u0434\u043e 70 \u043b\u0435\u0442 (\u0432\u043a\u043b\u044e\u0447\u0438\u0442\u0435\u043b\u044c\u043d\u043e).<\/li>\n<li>\u0420\u0435\u0433\u0443\u043b\u044f\u0440\u043d\u044b\u0439 \u0434\u043e\u043a\u0430\u0437\u0443\u0435\u043c\u044b\u0439 \u0435\u0436\u0435\u043c\u0435\u0441\u044f\u0447\u043d\u044b\u0439 \u0434\u043e\u0445\u043e\u0434 \u2013 \u043d\u0435 \u043c\u0435\u043d\u0435\u0435 240 EUR. \u041f\u0440\u0438\u043c\u0435\u0440\u044b \u0440\u0435\u0433\u0443\u043b\u044f\u0440\u043d\u043e\u0433\u043e \u0434\u043e\u0445\u043e\u0434\u0430: \u0437\u0430\u0440\u043f\u043b\u0430\u0442\u0430, \u043f\u0435\u043d\u0441\u0438\u044f, \u0440\u043e\u0434\u0438\u0442\u0435\u043b\u044c\u0441\u043a\u043e\u0435 \u043f\u043e\u0441\u043e\u0431\u0438\u0435.<\/li>\n<li>\u0411\u0435\u0437\u0443\u043f\u0440\u0435\u0447\u043d\u043e\u0435 \u043f\u043b\u0430\u0442\u0435\u0436\u043d\u043e\u0435 \u043f\u043e\u0432\u0435\u0434\u0435\u043d\u0438\u0435, \u043e\u0442\u0441\u0443\u0442\u0441\u0442\u0432\u0443\u044e\u0442 \u0430\u043a\u0442\u0438\u0432\u043d\u044b\u0435 \u043f\u043b\u0430\u0442\u0435\u0436\u043d\u044b\u0435 \u043d\u0430\u0440\u0443\u0448\u0435\u043d\u0438\u044f<\/li>\n<li>B\u0438\u0434 \u043d\u0430 \u0436\u0438\u0442\u0435\u043b\u044c\u0441\u0442\u0432\u043e \u0438 \u0440\u0430\u0437\u0440\u0435\u0448\u0435\u043d\u0438\u0435 \u043d\u0430 \u0440\u0430\u0431\u043e\u0442\u0443 (\u043f\u0440\u0438 \u043d\u0430\u043b\u0438\u0447\u0438\u0438 \u0441\u0440\u043e\u0447\u043d\u043e\u0433\u043e \u0432\u0438\u0434\u0430 \u043d\u0430 \u0436\u0438\u0442\u0435\u043b\u044c\u0441\u0442\u0432\u043e) \u0434\u043e \u043a\u043e\u043d\u0446\u0430 \u0441\u0440\u043e\u043a\u0430 \u0434\u0435\u0439\u0441\u0442\u0432\u0438\u044f \u0434\u043e\u0433\u043e\u0432\u043e\u0440\u0430. \u041c\u044b \u043f\u0440\u0438\u043d\u0438\u043c\u0430\u0435\u043c \u0441\u043b\u0435\u0434\u0443\u044e\u0449\u0438\u0435 \u0443\u0434\u043e\u0441\u0442\u043e\u0432\u0435\u0440\u044f\u044e\u0449\u0438\u0435 \u043b\u0438\u0447\u043d\u043e\u0441\u0442\u044c \u0434\u043e\u043a\u0443\u043c\u0435\u043d\u0442\u044b: \u043f\u0430\u0441\u043f\u043e\u0440\u0442 \u042d\u0441\u0442\u043e\u043d\u0441\u043a\u043e\u0439 \u0420\u0435\u0441\u043f\u0443\u0431\u043b\u0438\u043a\u0438, \u043f\u0430\u0441\u043f\u043e\u0440\u0442 \u0438\u043d\u043e\u0441\u0442\u0440\u0430\u043d\u0446\u0430 \u0432 \u042d\u0441\u0442\u043e\u043d\u0441\u043a\u043e\u0439 \u0420\u0435\u0441\u043f\u0443\u0431\u043b\u0438\u043a\u0435 \u0438 ID-\u043a\u0430\u0440\u0442\u0443.<\/li>\n<li>\u0420\u0430\u0441\u0447\u0435\u0442\u043d\u044b\u0439 \u0441\u0447\u0435\u0442 \u0432 \u043e\u0434\u043d\u043e\u043c \u0438\u0437 \u0441\u043b\u0435\u0434\u0443\u044e\u0449\u0438\u0445 \u0431\u0430\u043d\u043a\u043e\u0432 (\u0434\u043b\u044f \u043f\u043e\u043b\u0443\u0447\u0435\u043d\u0438\u044f \u044d-\u0441\u0447\u0435\u0442\u043e\u0432): Swedbank; SEB Pank; Danske Bank; Nordea Pank; Eesti Krediidipank \u0438\/\u0438\u043b\u0438 LHV Pank.<\/li>\n<\/ul>\n","protected":false},"excerpt":{"rendered":"<p>\u0420\u0410\u0421\u0421\u0420\u041e\u0427\u041aA Sakala\u00a0 Hambaravi \u041d\u0430 \u0441\u0435\u0433\u043e\u0434\u043d\u044f\u0448\u043d\u0438\u0439 \u0434\u0435\u043d\u044c \u043f\u0440\u0438\u0447\u0438\u043d\u043e\u0439 \u043c\u043d\u043e\u0433\u0438\u0445 \u043b\u044e\u0434\u0435\u0439 \u043d\u0435 \u043f\u043e\u0441\u0435\u0449\u0435\u043d\u0438\u044f \u0441\u0442\u043e\u043c\u0430\u0442\u043e\u043b\u043e\u0433\u0430 \u044f\u0432\u043b\u044f\u0435\u0442\u0441\u044f \u043d\u0435 \u0441\u0442\u0440\u0430\u0445, \u043d\u043e \u0433\u043b\u0430\u0432\u043d\u044b\u043c \u043f\u0440\u0435\u043f\u044f\u0442\u0441\u0442\u0432\u0438\u0435\u043c \u044f\u0432\u043b\u044f\u0435\u0442\u0441\u044f \u0444\u0438\u043d\u0430\u043d\u0441\u043e\u0432\u0430\u044f \u0441\u0442\u043e\u0440\u043e\u043d\u0430. Sakala Hambaravi \u043f\u0440\u0435\u0434\u043b\u0430\u0433\u0430\u0435\u0442 \u0441\u0432\u043e\u0438\u043c \u043f\u0430\u0446\u0438\u0435\u043d\u0442\u0430\u043c \u043e\u043f\u043b\u0430\u0447\u0438\u0432\u0430\u0442\u044c \u043b\u0435\u0447\u0435\u043d\u0438\u0435 \u0437\u0443\u0431\u043e\u0432 \u0447\u0430\u0441\u0442\u044f\u043c\u0438. \u0420\u0430\u0441\u0441\u0440\u043e\u0447\u043a\u0443 \u043c\u043e\u0436\u043d\u043e \u0437\u0430\u043a\u043b\u044e\u0447\u0438\u0442\u044c \u0443 \u0430\u0434\u043c\u0438\u043d\u0438\u0441\u0442\u0440\u0430\u0442\u043e\u0440\u0430, \u043e\u0447\u0435\u043d\u044c \u0431\u044b\u0441\u0442\u0440\u043e \u0438 \u0443\u0434\u043e\u0431\u043d\u043e, \u043c\u0433\u043d\u043e\u0432\u0435\u043d\u043d\u043e \u043f\u043e\u043b\u0443\u0447\u0438\u0432 \u043e\u0442\u0432\u0435\u0442. \u0423\u0421\u041b\u041e\u0412\u0418\u042f \u0420\u0410\u0421\u0421\u0420\u041e\u0427\u041a\u0418 \u0424\u0438\u043d\u0430\u043d\u0441\u0438\u0440\u0443\u0435\u043c\u0430\u044f \u0441\u0443\u043c\u043c\u0430: 100 \u2013 3 000 EUR \u041f\u043b\u0430\u0442\u0430 \u0437\u0430 \u0437\u0430\u043a\u043b\u044e\u0447\u0435\u043d\u0438\u0435 \u0434\u043e\u0433\u043e\u0432\u043e\u0440\u0430: [&hellip;]<\/p>\n","protected":false},"author":1,"featured_media":0,"parent":0,"menu_order":0,"comment_status":"closed","ping_status":"closed","template":"simple-page.php","meta":{"_acf_changed":false,"footnotes":""},"class_list":["post-6180","page","type-page","status-publish","hentry"],"acf":[],"yoast_head":"<!-- This site is optimized with the Yoast SEO Premium plugin v27.4 (Yoast SEO v27.4) - https:\/\/yoast.com\/product\/yoast-seo-premium-wordpress\/ -->\n<title>J\u00e4relmaks, sobib k\u00f5igile Sakala Hambaravi teenustele<\/title>\n<meta name=\"description\" content=\"J\u00e4relmaks, sobib k\u00f5igile Sakala Hambaravi teenustele. Sealhulgas planeeritud suuremale ravit\u00f6\u00f6le, proteetilistele t\u00f6\u00f6dele, aga ka kirurgiale.\" \/>\n<meta name=\"robots\" content=\"index, follow, max-snippet:-1, max-image-preview:large, max-video-preview:-1\" \/>\n<link rel=\"canonical\" href=\"https:\/\/test.sakalahambaravi.ee\/ru\/rassrochka\/\" \/>\n<meta property=\"og:locale\" content=\"ru_RU\" \/>\n<meta property=\"og:type\" content=\"article\" \/>\n<meta property=\"og:title\" content=\"\u0420\u0430\u0441\u0441\u0440\u043e\u0447\u043a\u0430\" \/>\n<meta property=\"og:description\" content=\"J\u00e4relmaks, sobib k\u00f5igile Sakala Hambaravi teenustele. Sealhulgas planeeritud suuremale ravit\u00f6\u00f6le, proteetilistele t\u00f6\u00f6dele, aga ka kirurgiale.\" \/>\n<meta property=\"og:url\" content=\"https:\/\/test.sakalahambaravi.ee\/ru\/rassrochka\/\" \/>\n<meta property=\"og:site_name\" content=\"Sakala Hambaravi\" \/>\n<meta property=\"article:publisher\" content=\"https:\/\/www.facebook.com\/sakalahambaravi\" \/>\n<meta property=\"article:modified_time\" content=\"2021-02-05T13:53:29+00:00\" \/>\n<meta name=\"twitter:card\" content=\"summary_large_image\" \/>\n<script type=\"application\/ld+json\" class=\"yoast-schema-graph\">{\"@context\":\"https:\\\/\\\/schema.org\",\"@graph\":[{\"@type\":[\"WebPage\",\"MedicalWebPage\"],\"@id\":\"https:\\\/\\\/test.sakalahambaravi.ee\\\/ru\\\/rassrochka\\\/\",\"url\":\"https:\\\/\\\/test.sakalahambaravi.ee\\\/ru\\\/rassrochka\\\/\",\"name\":\"J\u00e4relmaks, sobib k\u00f5igile Sakala Hambaravi teenustele\",\"isPartOf\":{\"@id\":\"https:\\\/\\\/test.sakalahambaravi.ee\\\/#website\"},\"datePublished\":\"2020-08-06T12:34:26+00:00\",\"dateModified\":\"2021-02-05T13:53:29+00:00\",\"description\":\"J\u00e4relmaks, sobib k\u00f5igile Sakala Hambaravi teenustele. Sealhulgas planeeritud suuremale ravit\u00f6\u00f6le, proteetilistele t\u00f6\u00f6dele, aga ka kirurgiale.\",\"breadcrumb\":{\"@id\":\"https:\\\/\\\/test.sakalahambaravi.ee\\\/ru\\\/rassrochka\\\/#breadcrumb\"},\"inLanguage\":\"ru-RU\",\"potentialAction\":[{\"@type\":\"ReadAction\",\"target\":[\"https:\\\/\\\/test.sakalahambaravi.ee\\\/ru\\\/rassrochka\\\/\"]}]},{\"@type\":\"BreadcrumbList\",\"@id\":\"https:\\\/\\\/test.sakalahambaravi.ee\\\/ru\\\/rassrochka\\\/#breadcrumb\",\"itemListElement\":[{\"@type\":\"ListItem\",\"position\":1,\"name\":\"Home\",\"item\":\"https:\\\/\\\/test.sakalahambaravi.ee\\\/ru\\\/\"},{\"@type\":\"ListItem\",\"position\":2,\"name\":\"\u0420\u0430\u0441\u0441\u0440\u043e\u0447\u043a\u0430\"}]},{\"@type\":\"WebSite\",\"@id\":\"https:\\\/\\\/test.sakalahambaravi.ee\\\/#website\",\"url\":\"https:\\\/\\\/test.sakalahambaravi.ee\\\/\",\"name\":\"Sakala Hambaravi\",\"description\":\"Hambaravikabinetid\",\"publisher\":{\"@id\":\"https:\\\/\\\/test.sakalahambaravi.ee\\\/#organization\"},\"potentialAction\":[{\"@type\":\"SearchAction\",\"target\":{\"@type\":\"EntryPoint\",\"urlTemplate\":\"https:\\\/\\\/test.sakalahambaravi.ee\\\/?s={search_term_string}\"},\"query-input\":{\"@type\":\"PropertyValueSpecification\",\"valueRequired\":true,\"valueName\":\"search_term_string\"}}],\"inLanguage\":\"ru-RU\"},{\"@type\":\"Organization\",\"@id\":\"https:\\\/\\\/test.sakalahambaravi.ee\\\/#organization\",\"name\":\"Bluegate O\u00dc\",\"url\":\"https:\\\/\\\/test.sakalahambaravi.ee\\\/\",\"logo\":{\"@type\":\"ImageObject\",\"inLanguage\":\"ru-RU\",\"@id\":\"https:\\\/\\\/test.sakalahambaravi.ee\\\/#\\\/schema\\\/logo\\\/image\\\/\",\"url\":\"https:\\\/\\\/test.sakalahambaravi.ee\\\/wp-content\\\/uploads\\\/2020\\\/12\\\/sakala-hambaravi-logo600x300.jpeg\",\"contentUrl\":\"https:\\\/\\\/test.sakalahambaravi.ee\\\/wp-content\\\/uploads\\\/2020\\\/12\\\/sakala-hambaravi-logo600x300.jpeg\",\"width\":600,\"height\":301,\"caption\":\"Bluegate O\u00dc\"},\"image\":{\"@id\":\"https:\\\/\\\/test.sakalahambaravi.ee\\\/#\\\/schema\\\/logo\\\/image\\\/\"},\"sameAs\":[\"https:\\\/\\\/www.facebook.com\\\/sakalahambaravi\"]}]}<\/script>\n<!-- \/ Yoast SEO Premium plugin. -->","yoast_head_json":{"title":"J\u00e4relmaks, sobib k\u00f5igile Sakala Hambaravi teenustele","description":"J\u00e4relmaks, sobib k\u00f5igile Sakala Hambaravi teenustele. Sealhulgas planeeritud suuremale ravit\u00f6\u00f6le, proteetilistele t\u00f6\u00f6dele, aga ka kirurgiale.","robots":{"index":"index","follow":"follow","max-snippet":"max-snippet:-1","max-image-preview":"max-image-preview:large","max-video-preview":"max-video-preview:-1"},"canonical":"https:\/\/test.sakalahambaravi.ee\/ru\/rassrochka\/","og_locale":"ru_RU","og_type":"article","og_title":"\u0420\u0430\u0441\u0441\u0440\u043e\u0447\u043a\u0430","og_description":"J\u00e4relmaks, sobib k\u00f5igile Sakala Hambaravi teenustele. Sealhulgas planeeritud suuremale ravit\u00f6\u00f6le, proteetilistele t\u00f6\u00f6dele, aga ka kirurgiale.","og_url":"https:\/\/test.sakalahambaravi.ee\/ru\/rassrochka\/","og_site_name":"Sakala Hambaravi","article_publisher":"https:\/\/www.facebook.com\/sakalahambaravi","article_modified_time":"2021-02-05T13:53:29+00:00","twitter_card":"summary_large_image","schema":{"@context":"https:\/\/schema.org","@graph":[{"@type":["WebPage","MedicalWebPage"],"@id":"https:\/\/test.sakalahambaravi.ee\/ru\/rassrochka\/","url":"https:\/\/test.sakalahambaravi.ee\/ru\/rassrochka\/","name":"J\u00e4relmaks, sobib k\u00f5igile Sakala Hambaravi teenustele","isPartOf":{"@id":"https:\/\/test.sakalahambaravi.ee\/#website"},"datePublished":"2020-08-06T12:34:26+00:00","dateModified":"2021-02-05T13:53:29+00:00","description":"J\u00e4relmaks, sobib k\u00f5igile Sakala Hambaravi teenustele. Sealhulgas planeeritud suuremale ravit\u00f6\u00f6le, proteetilistele t\u00f6\u00f6dele, aga ka kirurgiale.","breadcrumb":{"@id":"https:\/\/test.sakalahambaravi.ee\/ru\/rassrochka\/#breadcrumb"},"inLanguage":"ru-RU","potentialAction":[{"@type":"ReadAction","target":["https:\/\/test.sakalahambaravi.ee\/ru\/rassrochka\/"]}]},{"@type":"BreadcrumbList","@id":"https:\/\/test.sakalahambaravi.ee\/ru\/rassrochka\/#breadcrumb","itemListElement":[{"@type":"ListItem","position":1,"name":"Home","item":"https:\/\/test.sakalahambaravi.ee\/ru\/"},{"@type":"ListItem","position":2,"name":"\u0420\u0430\u0441\u0441\u0440\u043e\u0447\u043a\u0430"}]},{"@type":"WebSite","@id":"https:\/\/test.sakalahambaravi.ee\/#website","url":"https:\/\/test.sakalahambaravi.ee\/","name":"Sakala Hambaravi","description":"Hambaravikabinetid","publisher":{"@id":"https:\/\/test.sakalahambaravi.ee\/#organization"},"potentialAction":[{"@type":"SearchAction","target":{"@type":"EntryPoint","urlTemplate":"https:\/\/test.sakalahambaravi.ee\/?s={search_term_string}"},"query-input":{"@type":"PropertyValueSpecification","valueRequired":true,"valueName":"search_term_string"}}],"inLanguage":"ru-RU"},{"@type":"Organization","@id":"https:\/\/test.sakalahambaravi.ee\/#organization","name":"Bluegate O\u00dc","url":"https:\/\/test.sakalahambaravi.ee\/","logo":{"@type":"ImageObject","inLanguage":"ru-RU","@id":"https:\/\/test.sakalahambaravi.ee\/#\/schema\/logo\/image\/","url":"https:\/\/test.sakalahambaravi.ee\/wp-content\/uploads\/2020\/12\/sakala-hambaravi-logo600x300.jpeg","contentUrl":"https:\/\/test.sakalahambaravi.ee\/wp-content\/uploads\/2020\/12\/sakala-hambaravi-logo600x300.jpeg","width":600,"height":301,"caption":"Bluegate O\u00dc"},"image":{"@id":"https:\/\/test.sakalahambaravi.ee\/#\/schema\/logo\/image\/"},"sameAs":["https:\/\/www.facebook.com\/sakalahambaravi"]}]}},"_links":{"self":[{"href":"https:\/\/test.sakalahambaravi.ee\/ru\/wp-json\/wp\/v2\/pages\/6180","targetHints":{"allow":["GET"]}}],"collection":[{"href":"https:\/\/test.sakalahambaravi.ee\/ru\/wp-json\/wp\/v2\/pages"}],"about":[{"href":"https:\/\/test.sakalahambaravi.ee\/ru\/wp-json\/wp\/v2\/types\/page"}],"author":[{"embeddable":true,"href":"https:\/\/test.sakalahambaravi.ee\/ru\/wp-json\/wp\/v2\/users\/1"}],"replies":[{"embeddable":true,"href":"https:\/\/test.sakalahambaravi.ee\/ru\/wp-json\/wp\/v2\/comments?post=6180"}],"version-history":[{"count":13,"href":"https:\/\/test.sakalahambaravi.ee\/ru\/wp-json\/wp\/v2\/pages\/6180\/revisions"}],"predecessor-version":[{"id":8599,"href":"https:\/\/test.sakalahambaravi.ee\/ru\/wp-json\/wp\/v2\/pages\/6180\/revisions\/8599"}],"wp:attachment":[{"href":"https:\/\/test.sakalahambaravi.ee\/ru\/wp-json\/wp\/v2\/media?parent=6180"}],"curies":[{"name":"wp","href":"https:\/\/api.w.org\/{rel}","templated":true}]}}